{"id":137,"date":"2026-05-12T20:00:04","date_gmt":"2026-05-12T20:00:04","guid":{"rendered":"https:\/\/www.kiracisikayetleri.com\/?page_id=137"},"modified":"2026-05-12T20:03:02","modified_gmt":"2026-05-12T20:03:02","slug":"sikayet-ara","status":"publish","type":"page","link":"https:\/\/www.kiracisikayetleri.com\/index.php\/sikayet-ara\/","title":{"rendered":"\u015eikayet Ara"},"content":{"rendered":"<div class=\"rtcl-block-4a3eb5 rtcl-block-frontend \">\n\t<div class=\"rtcl rtcl-widget-search rtcl-widget-search-vertical rtcl-widget-search-style-dependency rtcl-gb-widget-search\">\n\t\t<form action=\"https:\/\/www.kiracisikayetleri.com\/\" class=\" rtcl-widget-search-form\">\n\t\t\t<div class=\"rtcl-row rtcl-no-margin active-field-4  show-field-label\">\n\t\t\t\t\t\t\t\t\t<div class=\"rtcl-form-group ws-item ws-location rtcl-col-sm-6 rtcl-col-12\">\n\t\t\t\t\t\t\t\t\t\t\t\t\t<label for=\"rtcl-location-search-2173835475\">Konum <\/label>\n\t\t\t\t\t\t\t\t\t\t\t\t<div class=\"rtcl-terms\"><input type=\"hidden\" class=\"rtcl-term-hidden rtcl-term-rtcl_location\" data-slug=\"\" value=\"0\" \/><input type=\"hidden\" name=\"rtcl_location\" class=\"rtcl-term-hidden-value rtcl-term-rtcl_location\" value=\"\" \/><select id=\"rtcl-location-search-2173835475\" class=\"rtcl-form-control\" data-taxonomy=\"rtcl_location\" data-parent=\"0\"><option value=\"\">Bir Lokasyon Se\u00e7in<\/option><option data-slug=\"01-adana\" value=\"16\">01 Adana<\/option><option data-slug=\"02-adiyaman\" value=\"17\">02 Ad\u0131yaman<\/option><option data-slug=\"03-afyonkarahisar\" value=\"18\">03 Afyonkarahisar<\/option><option data-slug=\"04-agri\" value=\"19\">04 A\u011fr\u0131<\/option><option data-slug=\"05-amasya\" value=\"20\">05 Amasya<\/option><option data-slug=\"06-ankara\" value=\"21\">06 Ankara<\/option><option data-slug=\"07-antalya\" value=\"22\">07 Antalya<\/option><option data-slug=\"08-artvin\" value=\"23\">08 Artvin<\/option><option data-slug=\"09-aydin\" value=\"24\">09 Ayd\u0131n<\/option><option data-slug=\"10-balikesir\" value=\"25\">10 Bal\u0131kesir<\/option><option data-slug=\"11-bilecik\" value=\"26\">11 Bilecik<\/option><option data-slug=\"12-bingol\" value=\"27\">12 Bing\u00f6l<\/option><option data-slug=\"13-bitlis\" value=\"28\">13 Bitlis<\/option><option data-slug=\"14-bolu\" value=\"29\">14 Bolu<\/option><option data-slug=\"15-burdur\" value=\"30\">15 Burdur<\/option><option data-slug=\"16-bursa\" value=\"31\">16 Bursa<\/option><option data-slug=\"17-canakkale\" value=\"32\">17 \u00c7anakkale<\/option><option data-slug=\"18-cankiri\" value=\"33\">18 \u00c7ank\u0131r\u0131<\/option><option data-slug=\"19-corum\" value=\"34\">19 \u00c7orum<\/option><option data-slug=\"20-denizli\" value=\"35\">20 Denizli<\/option><option data-slug=\"21-diyarbakir\" value=\"36\">21 Diyarbak\u0131r<\/option><option data-slug=\"22-edirne\" value=\"37\">22 Edirne<\/option><option data-slug=\"23-elazig\" value=\"38\">23 Elaz\u0131\u011f<\/option><option data-slug=\"24-erzincan\" value=\"39\">24 Erzincan<\/option><option data-slug=\"25-erzurum\" value=\"40\">25 Erzurum<\/option><option data-slug=\"26-eskisehir\" value=\"41\">26 Eski\u015fehir<\/option><option data-slug=\"27-gaziantep\" value=\"42\">27 Gaziantep<\/option><option data-slug=\"28-giresun\" value=\"43\">28 Giresun<\/option><option data-slug=\"29-gumushane\" value=\"44\">29 G\u00fcm\u00fc\u015fhane<\/option><option data-slug=\"30-hakkari\" value=\"45\">30 Hakkari<\/option><option data-slug=\"31-hatay\" value=\"46\">31 Hatay<\/option><option data-slug=\"32-isparta\" value=\"47\">32 Isparta<\/option><option data-slug=\"33-mersin\" value=\"48\">33 Mersin<\/option><option data-slug=\"34-istanbul\" value=\"49\">34 \u0130stanbul<\/option><option data-slug=\"35-izmir\" value=\"50\">35 \u0130zmir<\/option><option data-slug=\"36-kars\" value=\"51\">36 Kars<\/option><option data-slug=\"37-kastamonu\" value=\"52\">37 Kastamonu<\/option><option data-slug=\"38-kayseri\" value=\"53\">38 Kayseri<\/option><option data-slug=\"39-kirklareli\" value=\"54\">39 K\u0131rklareli<\/option><option data-slug=\"40-kirsehir\" value=\"55\">40 K\u0131r\u015fehir<\/option><option data-slug=\"41-kocaeli\" value=\"56\">41 Kocaeli<\/option><option data-slug=\"42-konya\" value=\"57\">42 Konya<\/option><option data-slug=\"43-kutahya\" value=\"58\">43 K\u00fctahya<\/option><option data-slug=\"44-malatya\" value=\"59\">44 Malatya<\/option><option data-slug=\"45-manisa\" value=\"60\">45 Manisa<\/option><option data-slug=\"46-kahramanmaras\" value=\"61\">46 Kahramanmara\u015f<\/option><option data-slug=\"47-mardin\" value=\"62\">47 Mardin<\/option><option data-slug=\"48-mugla\" value=\"63\">48 Mu\u011fla<\/option><option data-slug=\"49-mus\" value=\"64\">49 Mu\u015f<\/option><option data-slug=\"50-nevsehir\" value=\"65\">50 Nev\u015fehir<\/option><option data-slug=\"51-nigde\" value=\"66\">51 Ni\u011fde<\/option><option data-slug=\"52-ordu\" value=\"67\">52 Ordu<\/option><option data-slug=\"53-rize\" value=\"68\">53 Rize<\/option><option data-slug=\"54-sakarya\" value=\"69\">54 Sakarya<\/option><option data-slug=\"55-samsun\" value=\"70\">55 Samsun<\/option><option data-slug=\"56-siirt\" value=\"71\">56 Siirt<\/option><option data-slug=\"57-sinop\" value=\"72\">57 Sinop<\/option><option data-slug=\"58-sivas\" value=\"73\">58 Sivas<\/option><option data-slug=\"59-tekirdag\" value=\"74\">59 Tekirda\u011f<\/option><option data-slug=\"60-tokat\" value=\"75\">60 Tokat<\/option><option data-slug=\"61-trabzon\" value=\"76\">61 Trabzon<\/option><option data-slug=\"62-tunceli\" value=\"77\">62 Tunceli<\/option><option data-slug=\"63-sanliurfa\" value=\"78\">63 \u015eanl\u0131urfa<\/option><option data-slug=\"64-usak\" value=\"79\">64 U\u015fak<\/option><option data-slug=\"65-van\" value=\"80\">65 Van<\/option><option data-slug=\"66-yozgat\" value=\"81\">66 Yozgat<\/option><option data-slug=\"67-zonguldak\" value=\"82\">67 Zonguldak<\/option><option data-slug=\"68-aksaray\" value=\"83\">68 Aksaray<\/option><option data-slug=\"69-bayburt\" value=\"84\">69 Bayburt<\/option><option data-slug=\"70-karaman\" value=\"85\">70 Karaman<\/option><option data-slug=\"71-kirikkale\" value=\"86\">71 K\u0131r\u0131kkale<\/option><option data-slug=\"72-batman\" value=\"87\">72 Batman<\/option><option data-slug=\"73-sirnak\" value=\"88\">73 \u015e\u0131rnak<\/option><option data-slug=\"74-bartin\" value=\"89\">74 Bart\u0131n<\/option><option data-slug=\"75-ardahan\" value=\"90\">75 Ardahan<\/option><option data-slug=\"76-igdir\" value=\"91\">76 I\u011fd\u0131r<\/option><option data-slug=\"77-yalova\" value=\"92\">77 Yalova<\/option><option data-slug=\"78-karabuk\" value=\"93\">78 Karab\u00fck<\/option><option data-slug=\"79-kilis\" value=\"94\">79 Kilis<\/option><option data-slug=\"80-osmaniye\" value=\"95\">80 Osmaniye<\/option><option data-slug=\"81-duzce\" value=\"96\">81 D\u00fczce<\/option><\/select><\/div>\t\t\t\t\t<\/div>\n\t\t\t\t\n\t\t\t\t\t\t\t\t\t<div\n\t\t\t\t\t\tclass=\"rtcl-form-group ws-item ws-category ws-category-dependency rtcl-col-sm-6 rtcl-col-12\">\n\t\t\t\t\t\t\t\t\t\t\t\t\t<label for=\"rtcl-category-search-2173835475\">Kategori<\/label>\n\t\t\t\t\t\t\t\t\t\t\t\t<div class=\"rtcl-terms\"><input type=\"hidden\" class=\"rtcl-term-hidden rtcl-term-rtcl_category\" data-slug=\"\" value=\"0\" \/><input type=\"hidden\" name=\"rtcl_category\" class=\"rtcl-term-hidden-value rtcl-term-rtcl_category\" value=\"\" \/><select id=\"rtcl-category-search-2173835475\" class=\"rtcl-form-control rtcl-category-search\" data-taxonomy=\"rtcl_category\" data-parent=\"0\"><option value=\"-1\">Bir Kategori Se\u00e7in<\/option><option data-slug=\"daire_konut\" value=\"8\">DAIRE-KONUT<\/option><option data-slug=\"emlak_ofisi\" value=\"9\">EMLAK OF\u0130S\u0130<\/option><option data-slug=\"nakliye\" value=\"10\">NAKL\u0130YE<\/option><\/select><\/div>\t\t\t\t\t<\/div>\n\t\t\t\t\n\t\t\t\t\n\t\t\t\t\t\t\t\t\t\t\t\t\t<div class=\"rtcl-form-group ws-item ws-text rtcl-col-sm-6\">\n\t\t\t\t\t\t<div class=\"rt-autocomplete-wrapper\">\n\t\t\t\t\t\t\t\t\t\t\t\t\t\t\t\t\t\t\t\t\t\t<label for=\"rtcl-keyword-search-field\"> Anahtar Kelimeler<\/label>\n\t\t\t\t\t\t\t\t\t\t\t\t\t\t\t\t\t\t\t\t\t<div class=\"keywords-field-wrapper\">\n\t\t\t\t\t\t\t\t<input type=\"text\" id=\"rtcl-keyword-search-field\" name=\"q\" data-type=\"listing\" class=\"rtcl-autocomplete rtcl-form-control\"\n\t\t\t\t\t\t\t\t\t   placeholder=\"Anahtar kelimenizi buraya girin...\"\n\t\t\t\t\t\t\t\t\t   value=\"\">\n\t\t\t\t\t\t\t<\/div>\n\t\t\t\t\t\t<\/div>\n\t\t\t\t\t<\/div>\n\t\t\t\t\t\t\t\t<div class=\"rtcl-form-group ws-item ws-button  rtcl-col-sm-6\">\n\t\t\t\t\t\t\t\t\t\t\t<label\n\t\t\t\t\t\t\tfor=\"rtcl-search-button\">G\u00f6nder d\u00fc\u011fmesi<\/label>\n\t\t\t\t\t\t\t\t\t\t<div\n\t\t\t\t\t\tclass=\"rtcl-action-buttons button-left\">\n\t\t\t\t\t\t<button type=\"submit\"\n\t\t\t\t\t\t\t\tclass=\"btn btn-primary\">Search<\/button>\n\t\t\t\t\t<\/div>\n\t\t\t\t<\/div>\n\n\t\t\t<\/div>\n\t\t\t\t\t<\/form>\n\t<\/div>\n<\/div>\n\n<p>[rtcl-search-results]<\/p>\n","protected":false},"excerpt":{"rendered":"","protected":false},"author":1,"featured_media":0,"parent":0,"menu_order":0,"comment_status":"closed","ping_status":"closed","template":"","meta":{"_rtcl_gb_attr":"","_glsr_average":0,"_glsr_ranking":0,"_glsr_reviews":0,"footnotes":""},"class_list":["post-137","page","type-page","status-publish","hentry","","tg-column-two"],"_links":{"self":[{"href":"https:\/\/www.kiracisikayetleri.com\/index.php\/wp-json\/wp\/v2\/pages\/137","targetHints":{"allow":["GET"]}}],"collection":[{"href":"https:\/\/www.kiracisikayetleri.com\/index.php\/wp-json\/wp\/v2\/pages"}],"about":[{"href":"https:\/\/www.kiracisikayetleri.com\/index.php\/wp-json\/wp\/v2\/types\/page"}],"author":[{"embeddable":true,"href":"https:\/\/www.kiracisikayetleri.com\/index.php\/wp-json\/wp\/v2\/users\/1"}],"replies":[{"embeddable":true,"href":"https:\/\/www.kiracisikayetleri.com\/index.php\/wp-json\/wp\/v2\/comments?post=137"}],"version-history":[{"count":3,"href":"https:\/\/www.kiracisikayetleri.com\/index.php\/wp-json\/wp\/v2\/pages\/137\/revisions"}],"predecessor-version":[{"id":141,"href":"https:\/\/www.kiracisikayetleri.com\/index.php\/wp-json\/wp\/v2\/pages\/137\/revisions\/141"}],"wp:attachment":[{"href":"https:\/\/www.kiracisikayetleri.com\/index.php\/wp-json\/wp\/v2\/media?parent=137"}],"curies":[{"name":"wp","href":"https:\/\/api.w.org\/{rel}","templated":true}]}}